{"id":2949,"date":"2024-02-09T09:46:10","date_gmt":"2024-02-09T09:46:10","guid":{"rendered":"https:\/\/giapin.com\/?page_id=2949"},"modified":"2024-02-13T13:38:48","modified_gmt":"2024-02-13T13:38:48","slug":"criptobex","status":"publish","type":"page","link":"https:\/\/giapin.com\/es\/criptobex\/","title":{"rendered":"CriptoBex"},"content":{"rendered":"\t\t<div data-elementor-type=\"wp-post\" data-elementor-id=\"2949\" class=\"elementor elementor-2949\">\n\t\t\t\t\t\t<section class=\"elementor-section elementor-top-section elementor-element elementor-element-c24cd72 elementor-section-stretched hide_bg_image_on_mobile elementor-section-boxed elementor-section-height-default elementor-section-height-default\" data-id=\"c24cd72\" data-element_type=\"section\" data-settings=\"{&quot;stretch_section&quot;:&quot;section-stretched&quot;,&quot;background_background&quot;:&quot;classic&quot;}\">\n\t\t\t\t\t\t<div class=\"elementor-container elementor-column-gap-extended\">\n\t\t\t\t\t<div class=\"elementor-column elementor-col-100 elementor-top-column elementor-element elementor-element-14e4b94 sc_layouts_column_icons_position_left\" data-id=\"14e4b94\" data-element_type=\"column\" data-settings=\"{&quot;background_background&quot;:&quot;classic&quot;}\">\n\t\t\t<div class=\"elementor-widget-wrap elementor-element-populated\">\n\t\t\t\t\t\t<section class=\"elementor-section elementor-inner-section elementor-element elementor-element-c3cbf9e elementor-section-full_width elementor-section-height-default elementor-section-height-default\" data-id=\"c3cbf9e\" data-element_type=\"section\">\n\t\t\t\t\t\t<div class=\"elementor-container elementor-column-gap-no\">\n\t\t\t\t\t<div class=\"elementor-column elementor-col-50 elementor-inner-column elementor-element elementor-element-4f1c7ad sc_layouts_column sc_layouts_column_align_left buttons-in-row sc_layouts_column_icons_position_left\" data-id=\"4f1c7ad\" data-element_type=\"column\">\n\t\t\t<div class=\"elementor-widget-wrap elementor-element-populated\">\n\t\t\t\t\t\t<div class=\"elementor-element elementor-element-8edcb5e sc_height_tiny elementor-widget elementor-widget-spacer\" data-id=\"8edcb5e\" data-element_type=\"widget\" data-widget_type=\"spacer.default\">\n\t\t\t\t<div class=\"elementor-widget-container\">\n\t\t\t\t\t<div class=\"elementor-spacer\">\n\t\t\t<div class=\"elementor-spacer-inner\"><\/div>\n\t\t<\/div>\n\t\t\t\t<\/div>\n\t\t\t\t<\/div>\n\t\t\t\t<div class=\"elementor-element elementor-element-419255d padd-1 elementor-widget elementor-widget-trx_sc_title\" data-id=\"419255d\" data-element_type=\"widget\" data-widget_type=\"trx_sc_title.default\">\n\t\t\t\t<div class=\"elementor-widget-container\">\n\t\t\t<div id=\"trx_sc_title_1900499695\"\n\t\tclass=\"sc_title sc_title_default\"><h1 class=\"sc_item_title sc_title_title sc_item_title_style_default sc_item_title_tag\"><span class=\"sc_item_title_inner\"><span class=\"sc_item_title_text\">CriptoBex<\/span><\/span><\/h1><div class=\"sc_item_descr sc_title_descr\"><p>Es una soluci\u00f3n f\u00e1cil e intuitiva que le permite gestionar la declaraci\u00f3n informativa de monedas virtuales de sus clientes, el modelo 721.<\/p>\n<p>CriptoBex incluye, adem\u00e1s, la gesti\u00f3n del modelo 720-declaraci\u00f3n de bienes y derechos en el extranjero.<\/p>\n<\/div><\/div><!-- \/.sc_title -->\t\t<\/div>\n\t\t\t\t<\/div>\n\t\t\t\t<div class=\"elementor-element elementor-element-8985554 sc_height_tiny elementor-widget elementor-widget-spacer\" data-id=\"8985554\" data-element_type=\"widget\" data-widget_type=\"spacer.default\">\n\t\t\t\t<div class=\"elementor-widget-container\">\n\t\t\t\t\t<div class=\"elementor-spacer\">\n\t\t\t<div class=\"elementor-spacer-inner\"><\/div>\n\t\t<\/div>\n\t\t\t\t<\/div>\n\t\t\t\t<\/div>\n\t\t\t\t<div class=\"elementor-element elementor-element-fa680f7 sc_height_tiny elementor-widget elementor-widget-spacer\" data-id=\"fa680f7\" data-element_type=\"widget\" data-widget_type=\"spacer.default\">\n\t\t\t\t<div class=\"elementor-widget-container\">\n\t\t\t\t\t<div class=\"elementor-spacer\">\n\t\t\t<div class=\"elementor-spacer-inner\"><\/div>\n\t\t<\/div>\n\t\t\t\t<\/div>\n\t\t\t\t<\/div>\n\t\t\t\t<div class=\"elementor-element elementor-element-3746162 elementor-widget elementor-widget-text-editor\" data-id=\"3746162\" data-element_type=\"widget\" data-widget_type=\"text-editor.default\">\n\t\t\t\t<div class=\"elementor-widget-container\">\n\t\t\t\t\t\t\tGestione desde una \u00fanica interfaz todos los bienes en el extranjero de sus clientes: criptomonedas, inmuebles, cuentas corrientes, valores y seguros.\t\t\t\t\t\t<\/div>\n\t\t\t\t<\/div>\n\t\t\t\t\t<\/div>\n\t\t<\/div>\n\t\t\t\t<div class=\"elementor-column elementor-col-50 elementor-inner-column elementor-element elementor-element-7c976fd sc_layouts_column_icons_position_left\" data-id=\"7c976fd\" data-element_type=\"column\">\n\t\t\t<div class=\"elementor-widget-wrap elementor-element-populated\">\n\t\t\t\t\t\t<div class=\"elementor-element elementor-element-7364334 sc_height_medium elementor-widget elementor-widget-spacer\" data-id=\"7364334\" data-element_type=\"widget\" data-widget_type=\"spacer.default\">\n\t\t\t\t<div class=\"elementor-widget-container\">\n\t\t\t\t\t<div class=\"elementor-spacer\">\n\t\t\t<div class=\"elementor-spacer-inner\"><\/div>\n\t\t<\/div>\n\t\t\t\t<\/div>\n\t\t\t\t<\/div>\n\t\t\t\t<div class=\"elementor-element elementor-element-8ec092e elementor-widget elementor-widget-image\" data-id=\"8ec092e\" data-element_type=\"widget\" data-widget_type=\"image.default\">\n\t\t\t\t<div class=\"elementor-widget-container\">\n\t\t\t\t\t\t\t\t\t\t\t\t\t<img fetchpriority=\"high\" decoding=\"async\" width=\"500\" height=\"130\" src=\"https:\/\/giapin.com\/wp-content\/uploads\/2024\/02\/logo-criptobex.png\" class=\"attachment-large size-large wp-image-2951\" alt=\"\" srcset=\"https:\/\/giapin.com\/wp-content\/uploads\/2024\/02\/logo-criptobex.png 500w, https:\/\/giapin.com\/wp-content\/uploads\/2024\/02\/logo-criptobex-300x78.png 300w, https:\/\/giapin.com\/wp-content\/uploads\/2024\/02\/logo-criptobex-370x96.png 370w\" sizes=\"(max-width: 500px) 100vw, 500px\" \/>\t\t\t\t\t\t\t\t\t\t\t\t\t<\/div>\n\t\t\t\t<\/div>\n\t\t\t\t\t<\/div>\n\t\t<\/div>\n\t\t\t\t\t<\/div>\n\t\t<\/section>\n\t\t\t\t\t<\/div>\n\t\t<\/div>\n\t\t\t\t\t<\/div>\n\t\t<\/section>\n\t\t\t\t<section class=\"elementor-section elementor-top-section elementor-element elementor-element-2dc2213 elementor-section-stretched hide_bg_image_on_mobile elementor-section-boxed elementor-section-height-default elementor-section-height-default\" data-id=\"2dc2213\" data-element_type=\"section\" data-settings=\"{&quot;stretch_section&quot;:&quot;section-stretched&quot;,&quot;background_background&quot;:&quot;classic&quot;}\">\n\t\t\t\t\t\t<div class=\"elementor-container elementor-column-gap-extended\">\n\t\t\t\t\t<div class=\"elementor-column elementor-col-100 elementor-top-column elementor-element elementor-element-93f64b2 sc_layouts_column_icons_position_left\" data-id=\"93f64b2\" data-element_type=\"column\">\n\t\t\t<div class=\"elementor-widget-wrap elementor-element-populated\">\n\t\t\t\t\t\t<div class=\"elementor-element elementor-element-045525d sc_height_large elementor-widget elementor-widget-spacer\" data-id=\"045525d\" data-element_type=\"widget\" data-widget_type=\"spacer.default\">\n\t\t\t\t<div class=\"elementor-widget-container\">\n\t\t\t\t\t<div class=\"elementor-spacer\">\n\t\t\t<div class=\"elementor-spacer-inner\"><\/div>\n\t\t<\/div>\n\t\t\t\t<\/div>\n\t\t\t\t<\/div>\n\t\t\t\t<section class=\"elementor-section elementor-inner-section elementor-element elementor-element-25f7cd3 elementor-section-boxed elementor-section-height-default elementor-section-height-default\" data-id=\"25f7cd3\" data-element_type=\"section\">\n\t\t\t\t\t\t<div class=\"elementor-container elementor-column-gap-no\">\n\t\t\t\t\t<div class=\"elementor-column elementor-col-100 elementor-inner-column elementor-element elementor-element-dca662d sc_layouts_column sc_layouts_column_align_left buttons-in-row sc_layouts_column_icons_position_left\" data-id=\"dca662d\" data-element_type=\"column\">\n\t\t\t<div class=\"elementor-widget-wrap elementor-element-populated\">\n\t\t\t\t\t\t<div class=\"elementor-element elementor-element-2300c7b scheme_dark full-width elementor-widget__width-initial elementor-widget elementor-widget-trx_sc_title\" data-id=\"2300c7b\" data-element_type=\"widget\" data-widget_type=\"trx_sc_title.default\">\n\t\t\t\t<div class=\"elementor-widget-container\">\n\t\t\t<div id=\"trx_sc_title_182078644\"\n\t\tclass=\"sc_title scheme_dark sc_title_default\"><h2 class=\"sc_item_title sc_title_title sc_item_title_style_default trx_addons_inline_175749040\"><span class=\"sc_item_title_text\">Caracter\u00edsticas<\/span><\/h2><\/div><!-- \/.sc_title -->\t\t<\/div>\n\t\t\t\t<\/div>\n\t\t\t\t<div class=\"elementor-element elementor-element-1785c7d sc_height_large elementor-widget elementor-widget-spacer\" data-id=\"1785c7d\" data-element_type=\"widget\" data-widget_type=\"spacer.default\">\n\t\t\t\t<div class=\"elementor-widget-container\">\n\t\t\t\t\t<div class=\"elementor-spacer\">\n\t\t\t<div class=\"elementor-spacer-inner\"><\/div>\n\t\t<\/div>\n\t\t\t\t<\/div>\n\t\t\t\t<\/div>\n\t\t\t\t<div class=\"elementor-element elementor-element-f89d639 elementor-widget elementor-widget-text-editor\" data-id=\"f89d639\" data-element_type=\"widget\" data-widget_type=\"text-editor.default\">\n\t\t\t\t<div class=\"elementor-widget-container\">\n\t\t\t\t\t\t\t<ul>\n \t<li><span class=\"textnormal \">Permite la gesti\u00f3n de la declaraci\u00f3n informativa de monedas virtuales en el extranjero, Modelo 721.<\/span><\/li>\n \t<br>\n \t<li>\n<div><span class=\"textnormal \">Incluye, as\u00ed mismo, la gesti\u00f3n de la declaraci\u00f3n informativa de bienes en el extranjero, distintos a las criptomonedas, Modelo 720.<\/span><\/div><\/li>\n \t<br>\n \t<li>\n<div>Le facilita la presentaci\u00f3n de las declaraciones modelos 721 y 720 a trav\u00e9s de nuestra herramienta avanzada de env\u00edo directos a la AEAT mediante certificado electr\u00f3nico del obligado tributario o del colaborador social.<\/div><\/li>\n \t<br>\n \t<li>Est\u00e1 dise\u00f1ado para trabajar en entornos Windows como multiusuario o monopuesto. Contempla la posibilidad de restringir el acceso de otros usuarios a clientes que no han sido generados por ellos.<\/li>\n \t<br>\n \t<li>Dispone de una pantalla principal desde donde se visualiza el estado general de todos los clientes, referentes al ejercicio que se est\u00e1 procesando, como: declaraciones Exentas, pendientes de Generar, pendientes del Cliente (datos que faltan para completar declaraci\u00f3n), Completada, etc.<\/li>\n \t<br>\n \t<li>Dispone de la opci\u00f3n de capturar clientes desde un fichero en formato Excel, desde el programa Renta y desde el programa Sociedades.<\/li>\n \t<br>\n \t<li>Permite crear relaciones entre clientes, como pueden ser: matrimonios, socios, grupo de hermanos etc., que dispongan de bienes compartidos entre ellos, de esta forma los podemos tener agrupados y poder traspasar informaci\u00f3n de los bienes de unos a otros.<\/li>\n \t<br>\n \t<li>Dispone de pantallas espec\u00edficas y configuradas para generar la informaci\u00f3n que necesita cada uno de los bienes que componen la declaraci\u00f3n (Criptomonedas, Inmuebles, Cuentas Corrientes, Valores y Seguros).<\/li>\n \t<br>\n \t<li>La ventana principal de gesti\u00f3n de la declaraci\u00f3n nos ofrece a trav\u00e9s de un panel de control la informaci\u00f3n de los bienes introducidos y de la evoluci\u00f3n de los valores de los bienes entre ejercicios , controlando cuando esa evoluci\u00f3n genera obligaci\u00f3n de presentaci\u00f3n de la declaraci\u00f3n (de cada una de sus partes, es posible que tenga que declarar los inmuebles pero no las cuentas bancarias o bien que deba declarar las cuentas bancarias no por incremento de importes sino por otro motivo que genere obligaci\u00f3n de declarar, pe. cancelaci\u00f3n de una cuenta bancaria). Tambi\u00e9n puede forzarse la presentaci\u00f3n de una declaraci\u00f3n que no supere el m\u00ednimo establecido.<\/li>\n \t<br>\n \t<li>Los bienes pueden ser introducidos en moneda extranjera mediante el c\u00e1lculo de conversi\u00f3n de moneda que le proporciona el programa (le da control sobre el cambio que aplica en cada momento, permiti\u00e9ndole decidir qu\u00e9 cambio aplicar y cu\u00e1ndo aplicarlo o incluso forzar el valor convertido a euros.<\/li>\n \t<br>\n \t<li>Dispone de borrador con el resumen del contenido de la declaraci\u00f3n que se presentar\u00e1 a la AEAT, para entregar a su cliente con los importes declarados. Existe tambi\u00e9n un listado denominado de \u201cRepaso\u201d, para poder revisar a trav\u00e9s de \u00e9l la informaci\u00f3n obligatoria introducida en cada bien.<\/li>\n \t<br>\n \t<li>Genera el fichero para su presentaci\u00f3n telem\u00e1tica del modelo y desde el mismo programa establece la comunicaci\u00f3n con la AEAT, pudi\u00e9ndose visualizar todos los documentos presentados.<\/li>\n<\/ul>\t\t\t\t\t\t<\/div>\n\t\t\t\t<\/div>\n\t\t\t\t\t<\/div>\n\t\t<\/div>\n\t\t\t\t\t<\/div>\n\t\t<\/section>\n\t\t\t\t<div class=\"elementor-element elementor-element-b826457 sc_height_large elementor-widget elementor-widget-spacer\" data-id=\"b826457\" data-element_type=\"widget\" data-widget_type=\"spacer.default\">\n\t\t\t\t<div class=\"elementor-widget-container\">\n\t\t\t\t\t<div class=\"elementor-spacer\">\n\t\t\t<div class=\"elementor-spacer-inner\"><\/div>\n\t\t<\/div>\n\t\t\t\t<\/div>\n\t\t\t\t<\/div>\n\t\t\t\t\t<\/div>\n\t\t<\/div>\n\t\t\t\t\t<\/div>\n\t\t<\/section>\n\t\t\t\t<section class=\"elementor-section elementor-top-section elementor-element elementor-element-2c4a2cb elementor-section-stretched hide_bg_image_on_mobile elementor-section-boxed elementor-section-height-default elementor-section-height-default\" data-id=\"2c4a2cb\" data-element_type=\"section\" data-settings=\"{&quot;stretch_section&quot;:&quot;section-stretched&quot;,&quot;background_background&quot;:&quot;classic&quot;}\">\n\t\t\t\t\t\t<div class=\"elementor-container elementor-column-gap-extended\">\n\t\t\t\t\t<div class=\"elementor-column elementor-col-100 elementor-top-column elementor-element elementor-element-663d8bf sc_layouts_column_icons_position_left\" data-id=\"663d8bf\" data-element_type=\"column\">\n\t\t\t<div class=\"elementor-widget-wrap elementor-element-populated\">\n\t\t\t\t\t\t<div class=\"elementor-element elementor-element-750f878 elementor-widget-divider--view-line elementor-widget elementor-widget-divider\" data-id=\"750f878\" data-element_type=\"widget\" data-widget_type=\"divider.default\">\n\t\t\t\t<div class=\"elementor-widget-container\">\n\t\t\t\t\t<div class=\"elementor-divider\">\n\t\t\t<span class=\"elementor-divider-separator\">\n\t\t\t\t\t\t<\/span>\n\t\t<\/div>\n\t\t\t\t<\/div>\n\t\t\t\t<\/div>\n\t\t\t\t\t<\/div>\n\t\t<\/div>\n\t\t\t\t\t<\/div>\n\t\t<\/section>\n\t\t\t\t<section class=\"elementor-section elementor-top-section elementor-element elementor-element-ab95872 elementor-section-stretched hide_bg_image_on_mobile elementor-section-boxed elementor-section-height-default elementor-section-height-default\" data-id=\"ab95872\" data-element_type=\"section\" data-settings=\"{&quot;stretch_section&quot;:&quot;section-stretched&quot;,&quot;background_background&quot;:&quot;classic&quot;}\">\n\t\t\t\t\t\t<div class=\"elementor-container elementor-column-gap-extended\">\n\t\t\t\t\t<div class=\"elementor-column elementor-col-100 elementor-top-column elementor-element elementor-element-522fced sc_layouts_column_icons_position_left\" data-id=\"522fced\" data-element_type=\"column\">\n\t\t\t<div class=\"elementor-widget-wrap elementor-element-populated\">\n\t\t\t\t\t\t<div class=\"elementor-element elementor-element-0721f9f sc_height_large elementor-widget elementor-widget-spacer\" data-id=\"0721f9f\" data-element_type=\"widget\" data-widget_type=\"spacer.default\">\n\t\t\t\t<div class=\"elementor-widget-container\">\n\t\t\t\t\t<div class=\"elementor-spacer\">\n\t\t\t<div class=\"elementor-spacer-inner\"><\/div>\n\t\t<\/div>\n\t\t\t\t<\/div>\n\t\t\t\t<\/div>\n\t\t\t\t<section class=\"elementor-section elementor-inner-section elementor-element elementor-element-a49b47e elementor-section-boxed elementor-section-height-default elementor-section-height-default\" data-id=\"a49b47e\" data-element_type=\"section\">\n\t\t\t\t\t\t<div class=\"elementor-container elementor-column-gap-no\">\n\t\t\t\t\t<div class=\"elementor-column elementor-col-100 elementor-inner-column elementor-element elementor-element-26482b0 sc_layouts_column sc_layouts_column_align_left buttons-in-row sc_layouts_column_icons_position_left\" data-id=\"26482b0\" data-element_type=\"column\">\n\t\t\t<div class=\"elementor-widget-wrap elementor-element-populated\">\n\t\t\t\t\t\t<div class=\"elementor-element elementor-element-51bac04 scheme_dark full-width elementor-widget elementor-widget-trx_sc_title\" data-id=\"51bac04\" data-element_type=\"widget\" data-widget_type=\"trx_sc_title.default\">\n\t\t\t\t<div class=\"elementor-widget-container\">\n\t\t\t<div id=\"trx_sc_title_791681630\"\n\t\tclass=\"sc_title scheme_dark sc_title_default\"><h2 class=\"sc_item_title sc_title_title sc_item_title_style_default trx_addons_inline_101687017\"><span class=\"sc_item_title_text\">Obligaci\u00f3n de Declarar<\/span><\/h2><\/div><!-- \/.sc_title -->\t\t<\/div>\n\t\t\t\t<\/div>\n\t\t\t\t<div class=\"elementor-element elementor-element-bdb60c4 sc_height_large elementor-widget elementor-widget-spacer\" data-id=\"bdb60c4\" data-element_type=\"widget\" data-widget_type=\"spacer.default\">\n\t\t\t\t<div class=\"elementor-widget-container\">\n\t\t\t\t\t<div class=\"elementor-spacer\">\n\t\t\t<div class=\"elementor-spacer-inner\"><\/div>\n\t\t<\/div>\n\t\t\t\t<\/div>\n\t\t\t\t<\/div>\n\t\t\t\t<div class=\"elementor-element elementor-element-cefd299 elementor-widget elementor-widget-text-editor\" data-id=\"cefd299\" data-element_type=\"widget\" data-widget_type=\"text-editor.default\">\n\t\t\t\t<div class=\"elementor-widget-container\">\n\t\t\t\t\t\t\t<strong>\u00bfQui\u00e9n est\u00e1 obligado?\n<\/strong>\n<br>\nTodas las personas f\u00edsicas y jur\u00eddicas residentes en territorio espa\u00f1ol que sean titulares de criptomonedas que est\u00e9n custodiadas en el extranjero.\n<br><br>\n<strong>\u00bfQu\u00e9 debe declararse?<\/strong>\n<br>\nTodos las criptomonedas situadas en el extranjero y que su valor conjunto supere los 50.000 \u20ac\n<br><br>\n<strong>\u00bfCu\u00e1ndo se declara?<\/strong>\n<br>\nEl plazo de presentaci\u00f3n es del 01 de enero al 31 de marzo de cada ejercicio.\n<br><br>\n<strong>\u00bfY los pr\u00f3ximos ejercicios?<\/strong>\n<br>\nLa declaraci\u00f3n de bienes para pr\u00f3ximos ejercicios, s\u00f3lo ser\u00e1 obligatoria cuando cualquiera de las criptomonedas o la suma de ellas superen un incremento de 20.000 \u20ac.\t\t\t\t\t\t<\/div>\n\t\t\t\t<\/div>\n\t\t\t\t\t<\/div>\n\t\t<\/div>\n\t\t\t\t\t<\/div>\n\t\t<\/section>\n\t\t\t\t<div class=\"elementor-element elementor-element-915027c sc_height_large elementor-widget elementor-widget-spacer\" data-id=\"915027c\" data-element_type=\"widget\" data-widget_type=\"spacer.default\">\n\t\t\t\t<div class=\"elementor-widget-container\">\n\t\t\t\t\t<div class=\"elementor-spacer\">\n\t\t\t<div class=\"elementor-spacer-inner\"><\/div>\n\t\t<\/div>\n\t\t\t\t<\/div>\n\t\t\t\t<\/div>\n\t\t\t\t\t<\/div>\n\t\t<\/div>\n\t\t\t\t\t<\/div>\n\t\t<\/section>\n\t\t\t\t<\/div>\n\t\t","protected":false},"excerpt":{"rendered":"<p>CriptoBex Es una soluci\u00f3n f\u00e1cil e intuitiva que le permite gestionar la declaraci\u00f3n informativa de monedas virtuales de sus clientes, el modelo 721. CriptoBex incluye, adem\u00e1s, la gesti\u00f3n del modelo 720-declaraci\u00f3n de bienes y derechos en el extranjero. Gestione desde una \u00fanica interfaz todos los bienes en el extranjero de sus clientes: criptomonedas, inmuebles, cuentas corrientes, valores y seguros. Caracter\u00edsticas&hellip;<\/p>\n","protected":false},"author":1,"featured_media":0,"parent":0,"menu_order":0,"comment_status":"closed","ping_status":"closed","template":"","meta":{"footnotes":""},"class_list":["post-2949","page","type-page","status-publish","hentry"],"_links":{"self":[{"href":"https:\/\/giapin.com\/es\/wp-json\/wp\/v2\/pages\/2949","targetHints":{"allow":["GET"]}}],"collection":[{"href":"https:\/\/giapin.com\/es\/wp-json\/wp\/v2\/pages"}],"about":[{"href":"https:\/\/giapin.com\/es\/wp-json\/wp\/v2\/types\/page"}],"author":[{"embeddable":true,"href":"https:\/\/giapin.com\/es\/wp-json\/wp\/v2\/users\/1"}],"replies":[{"embeddable":true,"href":"https:\/\/giapin.com\/es\/wp-json\/wp\/v2\/comments?post=2949"}],"version-history":[{"count":10,"href":"https:\/\/giapin.com\/es\/wp-json\/wp\/v2\/pages\/2949\/revisions"}],"predecessor-version":[{"id":2964,"href":"https:\/\/giapin.com\/es\/wp-json\/wp\/v2\/pages\/2949\/revisions\/2964"}],"wp:attachment":[{"href":"https:\/\/giapin.com\/es\/wp-json\/wp\/v2\/media?parent=2949"}],"curies":[{"name":"wp","href":"https:\/\/api.w.org\/{rel}","templated":true}]}}