{"id":2759,"date":"2024-02-05T07:54:19","date_gmt":"2024-02-05T07:54:19","guid":{"rendered":"https:\/\/giapin.com\/?page_id=2759"},"modified":"2024-02-19T09:43:05","modified_gmt":"2024-02-19T09:43:05","slug":"soporte-tecnico","status":"publish","type":"page","link":"https:\/\/giapin.com\/es\/soporte-tecnico\/","title":{"rendered":"Soporte T\u00e9cnico"},"content":{"rendered":"\t\t<div data-elementor-type=\"wp-post\" data-elementor-id=\"2759\" class=\"elementor elementor-2759\">\n\t\t\t\t\t\t<section class=\"elementor-section elementor-top-section elementor-element elementor-element-c24cd72 elementor-section-stretched hide_bg_image_on_mobile elementor-section-boxed elementor-section-height-default elementor-section-height-default\" data-id=\"c24cd72\" data-element_type=\"section\" data-settings=\"{&quot;stretch_section&quot;:&quot;section-stretched&quot;,&quot;background_background&quot;:&quot;classic&quot;}\">\n\t\t\t\t\t\t<div class=\"elementor-container elementor-column-gap-extended\">\n\t\t\t\t\t<div class=\"elementor-column elementor-col-100 elementor-top-column elementor-element elementor-element-14e4b94 sc_layouts_column_icons_position_left\" data-id=\"14e4b94\" data-element_type=\"column\" data-settings=\"{&quot;background_background&quot;:&quot;classic&quot;}\">\n\t\t\t<div class=\"elementor-widget-wrap elementor-element-populated\">\n\t\t\t\t\t\t<section class=\"elementor-section elementor-inner-section elementor-element elementor-element-c3cbf9e elementor-section-full_width elementor-section-height-default elementor-section-height-default\" data-id=\"c3cbf9e\" data-element_type=\"section\">\n\t\t\t\t\t\t<div class=\"elementor-container elementor-column-gap-no\">\n\t\t\t\t\t<div class=\"elementor-column elementor-col-50 elementor-inner-column elementor-element elementor-element-4f1c7ad sc_layouts_column sc_layouts_column_align_left buttons-in-row sc_layouts_column_icons_position_left\" data-id=\"4f1c7ad\" data-element_type=\"column\">\n\t\t\t<div class=\"elementor-widget-wrap elementor-element-populated\">\n\t\t\t\t\t\t<div class=\"elementor-element elementor-element-8edcb5e sc_height_tiny elementor-widget elementor-widget-spacer\" data-id=\"8edcb5e\" data-element_type=\"widget\" data-widget_type=\"spacer.default\">\n\t\t\t\t<div class=\"elementor-widget-container\">\n\t\t\t\t\t<div class=\"elementor-spacer\">\n\t\t\t<div class=\"elementor-spacer-inner\"><\/div>\n\t\t<\/div>\n\t\t\t\t<\/div>\n\t\t\t\t<\/div>\n\t\t\t\t<div class=\"elementor-element elementor-element-419255d padd-1 elementor-widget elementor-widget-trx_sc_title\" data-id=\"419255d\" data-element_type=\"widget\" data-widget_type=\"trx_sc_title.default\">\n\t\t\t\t<div class=\"elementor-widget-container\">\n\t\t\t<div id=\"trx_sc_title_1346982435\"\n\t\tclass=\"sc_title sc_title_default\"><h1 class=\"sc_item_title sc_title_title sc_item_title_style_default sc_item_title_tag\"><span class=\"sc_item_title_inner\"><span class=\"sc_item_title_text\">Servicio<\/span><\/span><\/h1><div class=\"sc_item_descr sc_title_descr\"><p>\nEl Centro de Atenci\u00f3n al Cliente dispone de t\u00e9cnicos inform\u00e1ticos y especialistas en las materias profesionales.<\/p>\n<\/div><\/div><!-- \/.sc_title -->\t\t<\/div>\n\t\t\t\t<\/div>\n\t\t\t\t<div class=\"elementor-element elementor-element-8985554 sc_height_tiny elementor-widget elementor-widget-spacer\" data-id=\"8985554\" data-element_type=\"widget\" data-widget_type=\"spacer.default\">\n\t\t\t\t<div class=\"elementor-widget-container\">\n\t\t\t\t\t<div class=\"elementor-spacer\">\n\t\t\t<div class=\"elementor-spacer-inner\"><\/div>\n\t\t<\/div>\n\t\t\t\t<\/div>\n\t\t\t\t<\/div>\n\t\t\t\t<div class=\"elementor-element elementor-element-fa680f7 sc_height_tiny elementor-widget elementor-widget-spacer\" data-id=\"fa680f7\" data-element_type=\"widget\" data-widget_type=\"spacer.default\">\n\t\t\t\t<div class=\"elementor-widget-container\">\n\t\t\t\t\t<div class=\"elementor-spacer\">\n\t\t\t<div class=\"elementor-spacer-inner\"><\/div>\n\t\t<\/div>\n\t\t\t\t<\/div>\n\t\t\t\t<\/div>\n\t\t\t\t\t<\/div>\n\t\t<\/div>\n\t\t\t\t<div class=\"elementor-column elementor-col-50 elementor-inner-column elementor-element elementor-element-7c976fd sc_layouts_column_icons_position_left\" data-id=\"7c976fd\" data-element_type=\"column\">\n\t\t\t<div class=\"elementor-widget-wrap elementor-element-populated\">\n\t\t\t\t\t\t\t<\/div>\n\t\t<\/div>\n\t\t\t\t\t<\/div>\n\t\t<\/section>\n\t\t\t\t\t<\/div>\n\t\t<\/div>\n\t\t\t\t\t<\/div>\n\t\t<\/section>\n\t\t\t\t<section class=\"elementor-section elementor-top-section elementor-element elementor-element-2dc2213 elementor-section-stretched hide_bg_image_on_mobile elementor-section-boxed elementor-section-height-default elementor-section-height-default\" data-id=\"2dc2213\" data-element_type=\"section\" data-settings=\"{&quot;stretch_section&quot;:&quot;section-stretched&quot;,&quot;background_background&quot;:&quot;classic&quot;}\">\n\t\t\t\t\t\t<div class=\"elementor-container elementor-column-gap-extended\">\n\t\t\t\t\t<div class=\"elementor-column elementor-col-100 elementor-top-column elementor-element elementor-element-93f64b2 sc_layouts_column_icons_position_left\" data-id=\"93f64b2\" data-element_type=\"column\">\n\t\t\t<div class=\"elementor-widget-wrap elementor-element-populated\">\n\t\t\t\t\t\t<div class=\"elementor-element elementor-element-045525d sc_height_large elementor-widget elementor-widget-spacer\" data-id=\"045525d\" data-element_type=\"widget\" data-widget_type=\"spacer.default\">\n\t\t\t\t<div class=\"elementor-widget-container\">\n\t\t\t\t\t<div class=\"elementor-spacer\">\n\t\t\t<div class=\"elementor-spacer-inner\"><\/div>\n\t\t<\/div>\n\t\t\t\t<\/div>\n\t\t\t\t<\/div>\n\t\t\t\t<section class=\"elementor-section elementor-inner-section elementor-element elementor-element-25f7cd3 elementor-section-boxed elementor-section-height-default elementor-section-height-default\" data-id=\"25f7cd3\" data-element_type=\"section\">\n\t\t\t\t\t\t<div class=\"elementor-container elementor-column-gap-no\">\n\t\t\t\t\t<div class=\"elementor-column elementor-col-100 elementor-inner-column elementor-element elementor-element-dca662d sc_layouts_column sc_layouts_column_align_left buttons-in-row sc_layouts_column_icons_position_left\" data-id=\"dca662d\" data-element_type=\"column\">\n\t\t\t<div class=\"elementor-widget-wrap elementor-element-populated\">\n\t\t\t\t\t\t<div class=\"elementor-element elementor-element-2300c7b scheme_dark full-width elementor-widget__width-initial elementor-widget elementor-widget-trx_sc_title\" data-id=\"2300c7b\" data-element_type=\"widget\" data-widget_type=\"trx_sc_title.default\">\n\t\t\t\t<div class=\"elementor-widget-container\">\n\t\t\t<div id=\"trx_sc_title_458111724\"\n\t\tclass=\"sc_title scheme_dark sc_title_default\"><h2 class=\"sc_item_title sc_title_title sc_item_title_style_default trx_addons_inline_2069790391\"><span class=\"sc_item_title_text\">Caracter\u00edsticas<\/span><\/h2><\/div><!-- \/.sc_title -->\t\t<\/div>\n\t\t\t\t<\/div>\n\t\t\t\t<div class=\"elementor-element elementor-element-1785c7d sc_height_large elementor-widget elementor-widget-spacer\" data-id=\"1785c7d\" data-element_type=\"widget\" data-widget_type=\"spacer.default\">\n\t\t\t\t<div class=\"elementor-widget-container\">\n\t\t\t\t\t<div class=\"elementor-spacer\">\n\t\t\t<div class=\"elementor-spacer-inner\"><\/div>\n\t\t<\/div>\n\t\t\t\t<\/div>\n\t\t\t\t<\/div>\n\t\t\t\t<div class=\"elementor-element elementor-element-f89d639 elementor-widget elementor-widget-text-editor\" data-id=\"f89d639\" data-element_type=\"widget\" data-widget_type=\"text-editor.default\">\n\t\t\t\t<div class=\"elementor-widget-container\">\n\t\t\t\t\t\t\t<ul>\n \t<li><span class=\"textnormal \">Atenci\u00f3n constante al usuario en la utilizaci\u00f3n de los programas.<\/span><\/li>\n<br>\n \t<li><span class=\"textnormal \">Atenci\u00f3n telef\u00f3nica.<\/span><\/li>\n<br>\n \t<li><span class=\"textnormal \">Consultas por e-mail.<\/span><\/li>\n<br>\n \t<li><span class=\"textnormal \">Conexi\u00f3n remota con el cliente.<\/span><\/li>\n<br>\n \t<li><span class=\"textnormal \">Ocho puntos de atenci\u00f3n directa distribuidos por el pa\u00eds.<\/span><\/li>\n<br>\n \t<li><span class=\"textnormal \">Intervenciones &#8220;in situ&#8221;.<\/span><\/li>\n<\/ul>\t\t\t\t\t\t<\/div>\n\t\t\t\t<\/div>\n\t\t\t\t\t<\/div>\n\t\t<\/div>\n\t\t\t\t\t<\/div>\n\t\t<\/section>\n\t\t\t\t<div class=\"elementor-element elementor-element-b826457 sc_height_large elementor-widget elementor-widget-spacer\" data-id=\"b826457\" data-element_type=\"widget\" data-widget_type=\"spacer.default\">\n\t\t\t\t<div class=\"elementor-widget-container\">\n\t\t\t\t\t<div class=\"elementor-spacer\">\n\t\t\t<div class=\"elementor-spacer-inner\"><\/div>\n\t\t<\/div>\n\t\t\t\t<\/div>\n\t\t\t\t<\/div>\n\t\t\t\t\t<\/div>\n\t\t<\/div>\n\t\t\t\t\t<\/div>\n\t\t<\/section>\n\t\t\t\t<\/div>\n\t\t","protected":false},"excerpt":{"rendered":"<p>Servicio El Centro de Atenci\u00f3n al Cliente dispone de t\u00e9cnicos inform\u00e1ticos y especialistas en las materias profesionales. Caracter\u00edsticas Atenci\u00f3n constante al usuario en la utilizaci\u00f3n de los programas. Atenci\u00f3n telef\u00f3nica. Consultas por e-mail. Conexi\u00f3n remota con el cliente. Ocho puntos de atenci\u00f3n directa distribuidos por el pa\u00eds. Intervenciones &#8220;in situ&#8221;.<\/p>\n","protected":false},"author":1,"featured_media":0,"parent":0,"menu_order":0,"comment_status":"closed","ping_status":"closed","template":"","meta":{"footnotes":""},"class_list":["post-2759","page","type-page","status-publish","hentry"],"_links":{"self":[{"href":"https:\/\/giapin.com\/es\/wp-json\/wp\/v2\/pages\/2759","targetHints":{"allow":["GET"]}}],"collection":[{"href":"https:\/\/giapin.com\/es\/wp-json\/wp\/v2\/pages"}],"about":[{"href":"https:\/\/giapin.com\/es\/wp-json\/wp\/v2\/types\/page"}],"author":[{"embeddable":true,"href":"https:\/\/giapin.com\/es\/wp-json\/wp\/v2\/users\/1"}],"replies":[{"embeddable":true,"href":"https:\/\/giapin.com\/es\/wp-json\/wp\/v2\/comments?post=2759"}],"version-history":[{"count":7,"href":"https:\/\/giapin.com\/es\/wp-json\/wp\/v2\/pages\/2759\/revisions"}],"predecessor-version":[{"id":3089,"href":"https:\/\/giapin.com\/es\/wp-json\/wp\/v2\/pages\/2759\/revisions\/3089"}],"wp:attachment":[{"href":"https:\/\/giapin.com\/es\/wp-json\/wp\/v2\/media?parent=2759"}],"curies":[{"name":"wp","href":"https:\/\/api.w.org\/{rel}","templated":true}]}}