{"id":2587,"date":"2024-02-02T08:56:12","date_gmt":"2024-02-02T08:56:12","guid":{"rendered":"https:\/\/giapin.com\/?page_id=2587"},"modified":"2024-02-05T12:52:08","modified_gmt":"2024-02-05T12:52:08","slug":"interneo","status":"publish","type":"page","link":"https:\/\/giapin.com\/es\/interneo\/","title":{"rendered":"InterNEO"},"content":{"rendered":"\t\t<div data-elementor-type=\"wp-post\" data-elementor-id=\"2587\" class=\"elementor elementor-2587\">\n\t\t\t\t\t\t<section class=\"elementor-section elementor-top-section elementor-element elementor-element-c24cd72 elementor-section-stretched hide_bg_image_on_mobile elementor-section-boxed elementor-section-height-default elementor-section-height-default\" data-id=\"c24cd72\" data-element_type=\"section\" data-settings=\"{&quot;stretch_section&quot;:&quot;section-stretched&quot;,&quot;background_background&quot;:&quot;classic&quot;}\">\n\t\t\t\t\t\t<div class=\"elementor-container elementor-column-gap-extended\">\n\t\t\t\t\t<div class=\"elementor-column elementor-col-100 elementor-top-column elementor-element elementor-element-14e4b94 sc_layouts_column_icons_position_left\" data-id=\"14e4b94\" data-element_type=\"column\" data-settings=\"{&quot;background_background&quot;:&quot;classic&quot;}\">\n\t\t\t<div class=\"elementor-widget-wrap elementor-element-populated\">\n\t\t\t\t\t\t<section class=\"elementor-section elementor-inner-section elementor-element elementor-element-c3cbf9e elementor-section-full_width elementor-section-height-default elementor-section-height-default\" data-id=\"c3cbf9e\" data-element_type=\"section\">\n\t\t\t\t\t\t<div class=\"elementor-container elementor-column-gap-no\">\n\t\t\t\t\t<div class=\"elementor-column elementor-col-50 elementor-inner-column elementor-element elementor-element-4f1c7ad sc_layouts_column sc_layouts_column_align_left buttons-in-row sc_layouts_column_icons_position_left\" data-id=\"4f1c7ad\" data-element_type=\"column\">\n\t\t\t<div class=\"elementor-widget-wrap elementor-element-populated\">\n\t\t\t\t\t\t<div class=\"elementor-element elementor-element-8edcb5e sc_height_tiny elementor-widget elementor-widget-spacer\" data-id=\"8edcb5e\" data-element_type=\"widget\" data-widget_type=\"spacer.default\">\n\t\t\t\t<div class=\"elementor-widget-container\">\n\t\t\t\t\t<div class=\"elementor-spacer\">\n\t\t\t<div class=\"elementor-spacer-inner\"><\/div>\n\t\t<\/div>\n\t\t\t\t<\/div>\n\t\t\t\t<\/div>\n\t\t\t\t<div class=\"elementor-element elementor-element-419255d padd-1 elementor-widget elementor-widget-trx_sc_title\" data-id=\"419255d\" data-element_type=\"widget\" data-widget_type=\"trx_sc_title.default\">\n\t\t\t\t<div class=\"elementor-widget-container\">\n\t\t\t<div id=\"trx_sc_title_735325414\"\n\t\tclass=\"sc_title sc_title_default\"><h1 class=\"sc_item_title sc_title_title sc_item_title_style_default sc_item_title_tag\"><span class=\"sc_item_title_inner\"><span class=\"sc_item_title_text\">InterNEO<\/span><\/span><\/h1><div class=\"sc_item_descr sc_title_descr\"><p>Sistema inform\u00e1tico para la gesti\u00f3n de las NEO (Notificaciones Electr\u00f3nicas Obligatorias) para Asesor\u00edas y Despachos Profesionales.<\/p>\n<\/div><\/div><!-- \/.sc_title -->\t\t<\/div>\n\t\t\t\t<\/div>\n\t\t\t\t<div class=\"elementor-element elementor-element-8985554 sc_height_tiny elementor-widget elementor-widget-spacer\" data-id=\"8985554\" data-element_type=\"widget\" data-widget_type=\"spacer.default\">\n\t\t\t\t<div class=\"elementor-widget-container\">\n\t\t\t\t\t<div class=\"elementor-spacer\">\n\t\t\t<div class=\"elementor-spacer-inner\"><\/div>\n\t\t<\/div>\n\t\t\t\t<\/div>\n\t\t\t\t<\/div>\n\t\t\t\t<div class=\"elementor-element elementor-element-fa680f7 sc_height_tiny elementor-widget elementor-widget-spacer\" data-id=\"fa680f7\" data-element_type=\"widget\" data-widget_type=\"spacer.default\">\n\t\t\t\t<div class=\"elementor-widget-container\">\n\t\t\t\t\t<div class=\"elementor-spacer\">\n\t\t\t<div class=\"elementor-spacer-inner\"><\/div>\n\t\t<\/div>\n\t\t\t\t<\/div>\n\t\t\t\t<\/div>\n\t\t\t\t<div class=\"elementor-element elementor-element-3746162 elementor-widget elementor-widget-text-editor\" data-id=\"3746162\" data-element_type=\"widget\" data-widget_type=\"text-editor.default\">\n\t\t\t\t<div class=\"elementor-widget-container\">\n\t\t\t\t\t\t\t<p><strong>Interneo<\/strong>\u00a0es el Software desarrollado por Intermega para gestionar las Notificaciones Electr\u00f3nicas Obligatorias mediante un control total de la gesti\u00f3n de cada notificaci\u00f3n seg\u00fan su relevancia y su fecha de expiraci\u00f3n.<br \/><br \/>La entrada en vigor del RD1363\/2010 establece la sustituci\u00f3n del tradicional \u201cCertificado de Correos\u201d por las Notificaciones Electr\u00f3nicas Obligatorias y en consecuencia crea la necesidad a la empresa y aut\u00f3nomos a acceder a distintos portales de agencias de la administraci\u00f3n para estar al d\u00eda de la recepci\u00f3n de las Notificaciones y Comunicados.<br \/><br \/>Por lo tanto, se hace necesario disponer de las herramientas adecuadas para la correcta recepci\u00f3n y control de las Notificaciones y Comunicaciones de los distintos portales de las agencias de la administraci\u00f3n.<\/p>\t\t\t\t\t\t<\/div>\n\t\t\t\t<\/div>\n\t\t\t\t\t<\/div>\n\t\t<\/div>\n\t\t\t\t<div class=\"elementor-column elementor-col-50 elementor-inner-column elementor-element elementor-element-7c976fd sc_layouts_column_icons_position_left\" data-id=\"7c976fd\" data-element_type=\"column\">\n\t\t\t<div class=\"elementor-widget-wrap elementor-element-populated\">\n\t\t\t\t\t\t<div class=\"elementor-element elementor-element-d627d14 sc_height_medium elementor-widget elementor-widget-spacer\" data-id=\"d627d14\" data-element_type=\"widget\" data-widget_type=\"spacer.default\">\n\t\t\t\t<div class=\"elementor-widget-container\">\n\t\t\t\t\t<div class=\"elementor-spacer\">\n\t\t\t<div class=\"elementor-spacer-inner\"><\/div>\n\t\t<\/div>\n\t\t\t\t<\/div>\n\t\t\t\t<\/div>\n\t\t\t\t<div class=\"elementor-element elementor-element-8ec092e elementor-widget elementor-widget-image\" data-id=\"8ec092e\" data-element_type=\"widget\" data-widget_type=\"image.default\">\n\t\t\t\t<div class=\"elementor-widget-container\">\n\t\t\t\t\t\t\t\t\t\t\t\t\t<img decoding=\"async\" width=\"205\" height=\"75\" src=\"https:\/\/giapin.com\/wp-content\/uploads\/2024\/02\/interneo.png\" class=\"attachment-large size-large wp-image-2836\" alt=\"\" \/>\t\t\t\t\t\t\t\t\t\t\t\t\t<\/div>\n\t\t\t\t<\/div>\n\t\t\t\t\t<\/div>\n\t\t<\/div>\n\t\t\t\t\t<\/div>\n\t\t<\/section>\n\t\t\t\t\t<\/div>\n\t\t<\/div>\n\t\t\t\t\t<\/div>\n\t\t<\/section>\n\t\t\t\t<section class=\"elementor-section elementor-top-section elementor-element elementor-element-2dc2213 elementor-section-stretched hide_bg_image_on_mobile elementor-section-boxed elementor-section-height-default elementor-section-height-default\" data-id=\"2dc2213\" data-element_type=\"section\" data-settings=\"{&quot;stretch_section&quot;:&quot;section-stretched&quot;,&quot;background_background&quot;:&quot;classic&quot;}\">\n\t\t\t\t\t\t<div class=\"elementor-container elementor-column-gap-extended\">\n\t\t\t\t\t<div class=\"elementor-column elementor-col-100 elementor-top-column elementor-element elementor-element-93f64b2 sc_layouts_column_icons_position_left\" data-id=\"93f64b2\" data-element_type=\"column\">\n\t\t\t<div class=\"elementor-widget-wrap elementor-element-populated\">\n\t\t\t\t\t\t<div class=\"elementor-element elementor-element-045525d sc_height_large elementor-widget elementor-widget-spacer\" data-id=\"045525d\" data-element_type=\"widget\" data-widget_type=\"spacer.default\">\n\t\t\t\t<div class=\"elementor-widget-container\">\n\t\t\t\t\t<div class=\"elementor-spacer\">\n\t\t\t<div class=\"elementor-spacer-inner\"><\/div>\n\t\t<\/div>\n\t\t\t\t<\/div>\n\t\t\t\t<\/div>\n\t\t\t\t<section class=\"elementor-section elementor-inner-section elementor-element elementor-element-25f7cd3 elementor-section-boxed elementor-section-height-default elementor-section-height-default\" data-id=\"25f7cd3\" data-element_type=\"section\">\n\t\t\t\t\t\t<div class=\"elementor-container elementor-column-gap-no\">\n\t\t\t\t\t<div class=\"elementor-column elementor-col-100 elementor-inner-column elementor-element elementor-element-dca662d sc_layouts_column sc_layouts_column_align_left buttons-in-row sc_layouts_column_icons_position_left\" data-id=\"dca662d\" data-element_type=\"column\">\n\t\t\t<div class=\"elementor-widget-wrap elementor-element-populated\">\n\t\t\t\t\t\t<div class=\"elementor-element elementor-element-2300c7b scheme_dark full-width elementor-widget__width-initial elementor-widget elementor-widget-trx_sc_title\" data-id=\"2300c7b\" data-element_type=\"widget\" data-widget_type=\"trx_sc_title.default\">\n\t\t\t\t<div class=\"elementor-widget-container\">\n\t\t\t<div id=\"trx_sc_title_493475457\"\n\t\tclass=\"sc_title scheme_dark sc_title_default\"><h2 class=\"sc_item_title sc_title_title sc_item_title_style_default trx_addons_inline_755181368\"><span class=\"sc_item_title_text\">Caracter\u00edsticas<\/span><\/h2><\/div><!-- \/.sc_title -->\t\t<\/div>\n\t\t\t\t<\/div>\n\t\t\t\t<div class=\"elementor-element elementor-element-1785c7d sc_height_large elementor-widget elementor-widget-spacer\" data-id=\"1785c7d\" data-element_type=\"widget\" data-widget_type=\"spacer.default\">\n\t\t\t\t<div class=\"elementor-widget-container\">\n\t\t\t\t\t<div class=\"elementor-spacer\">\n\t\t\t<div class=\"elementor-spacer-inner\"><\/div>\n\t\t<\/div>\n\t\t\t\t<\/div>\n\t\t\t\t<\/div>\n\t\t\t\t<div class=\"elementor-element elementor-element-f89d639 elementor-widget elementor-widget-text-editor\" data-id=\"f89d639\" data-element_type=\"widget\" data-widget_type=\"text-editor.default\">\n\t\t\t\t<div class=\"elementor-widget-container\">\n\t\t\t\t\t\t\tPara la recepci\u00f3n de notificaciones deberemos usar un certificado digital ya sea del despacho profesional o de su cliente empresa o aut\u00f3nomo.\n<br><br>\nDesde\u00a0<strong>Interneo<\/strong>\u00a0se env\u00eda de forma autom\u00e1tica o manual la notificaci\u00f3n a la empresa (mediante correo electr\u00f3nico).\n<br><br>\n<ul>\n \t<li>\nConsulta autom\u00e1ticamente los portales de notificaciones, de esta forma se evita que los despachos, empresas y aut\u00f3nomos tener que consultar expresamente cada uno de los buzones de Notificaciones.<\/li>\n<br>\n \t<li>\nComprueba autom\u00e1ticamente los buzones de notificaciones de la Agencia Tributaria (AEAT) y de la Tesorer\u00eda General de la Seguridad Social (Portal NOTESS). Pr\u00f3ximamente tambi\u00e9n de la Direcci\u00f3n General de Tr\u00e1fico, Ministerio de Industria, Ministerio de Justicia y Gencat.<\/li>\n<br>\n \t<li>\nAvisa de la recepci\u00f3n de notificaciones a la persona o personas encargadas de la gesti\u00f3n de cada una de las empresas del despacho.<\/li>\n<br>\n \t<li>\nAyuda a controlar el plazo de 10 d\u00edas de respuesta a las notificaciones con distintos avisos seg\u00fan se aproxime su fecha de expiraci\u00f3n.<\/li>\n<\/ul>\t\t\t\t\t\t<\/div>\n\t\t\t\t<\/div>\n\t\t\t\t\t<\/div>\n\t\t<\/div>\n\t\t\t\t\t<\/div>\n\t\t<\/section>\n\t\t\t\t<div class=\"elementor-element elementor-element-b826457 sc_height_large elementor-widget elementor-widget-spacer\" data-id=\"b826457\" data-element_type=\"widget\" data-widget_type=\"spacer.default\">\n\t\t\t\t<div class=\"elementor-widget-container\">\n\t\t\t\t\t<div class=\"elementor-spacer\">\n\t\t\t<div class=\"elementor-spacer-inner\"><\/div>\n\t\t<\/div>\n\t\t\t\t<\/div>\n\t\t\t\t<\/div>\n\t\t\t\t\t<\/div>\n\t\t<\/div>\n\t\t\t\t\t<\/div>\n\t\t<\/section>\n\t\t\t\t<section class=\"elementor-section elementor-top-section elementor-element elementor-element-2c4a2cb elementor-section-stretched hide_bg_image_on_mobile elementor-section-boxed elementor-section-height-default elementor-section-height-default\" data-id=\"2c4a2cb\" data-element_type=\"section\" data-settings=\"{&quot;stretch_section&quot;:&quot;section-stretched&quot;,&quot;background_background&quot;:&quot;classic&quot;}\">\n\t\t\t\t\t\t<div class=\"elementor-container elementor-column-gap-extended\">\n\t\t\t\t\t<div class=\"elementor-column elementor-col-100 elementor-top-column elementor-element elementor-element-663d8bf sc_layouts_column_icons_position_left\" data-id=\"663d8bf\" data-element_type=\"column\">\n\t\t\t<div class=\"elementor-widget-wrap elementor-element-populated\">\n\t\t\t\t\t\t<div class=\"elementor-element elementor-element-750f878 elementor-widget-divider--view-line elementor-widget elementor-widget-divider\" data-id=\"750f878\" data-element_type=\"widget\" data-widget_type=\"divider.default\">\n\t\t\t\t<div class=\"elementor-widget-container\">\n\t\t\t\t\t<div class=\"elementor-divider\">\n\t\t\t<span class=\"elementor-divider-separator\">\n\t\t\t\t\t\t<\/span>\n\t\t<\/div>\n\t\t\t\t<\/div>\n\t\t\t\t<\/div>\n\t\t\t\t\t<\/div>\n\t\t<\/div>\n\t\t\t\t\t<\/div>\n\t\t<\/section>\n\t\t\t\t<section class=\"elementor-section elementor-top-section elementor-element elementor-element-ab95872 elementor-section-stretched hide_bg_image_on_mobile elementor-section-boxed elementor-section-height-default elementor-section-height-default\" data-id=\"ab95872\" data-element_type=\"section\" data-settings=\"{&quot;stretch_section&quot;:&quot;section-stretched&quot;,&quot;background_background&quot;:&quot;classic&quot;}\">\n\t\t\t\t\t\t<div class=\"elementor-container elementor-column-gap-extended\">\n\t\t\t\t\t<div class=\"elementor-column elementor-col-100 elementor-top-column elementor-element elementor-element-522fced sc_layouts_column_icons_position_left\" data-id=\"522fced\" data-element_type=\"column\">\n\t\t\t<div class=\"elementor-widget-wrap elementor-element-populated\">\n\t\t\t\t\t\t<div class=\"elementor-element elementor-element-0721f9f sc_height_large elementor-widget elementor-widget-spacer\" data-id=\"0721f9f\" data-element_type=\"widget\" data-widget_type=\"spacer.default\">\n\t\t\t\t<div class=\"elementor-widget-container\">\n\t\t\t\t\t<div class=\"elementor-spacer\">\n\t\t\t<div class=\"elementor-spacer-inner\"><\/div>\n\t\t<\/div>\n\t\t\t\t<\/div>\n\t\t\t\t<\/div>\n\t\t\t\t<section class=\"elementor-section elementor-inner-section elementor-element elementor-element-a49b47e elementor-section-boxed elementor-section-height-default elementor-section-height-default\" data-id=\"a49b47e\" data-element_type=\"section\">\n\t\t\t\t\t\t<div class=\"elementor-container elementor-column-gap-no\">\n\t\t\t\t\t<div class=\"elementor-column elementor-col-100 elementor-inner-column elementor-element elementor-element-26482b0 sc_layouts_column sc_layouts_column_align_left buttons-in-row sc_layouts_column_icons_position_left\" data-id=\"26482b0\" data-element_type=\"column\">\n\t\t\t<div class=\"elementor-widget-wrap elementor-element-populated\">\n\t\t\t\t\t\t<div class=\"elementor-element elementor-element-51bac04 scheme_dark full-width elementor-widget elementor-widget-trx_sc_title\" data-id=\"51bac04\" data-element_type=\"widget\" data-widget_type=\"trx_sc_title.default\">\n\t\t\t\t<div class=\"elementor-widget-container\">\n\t\t\t<div id=\"trx_sc_title_810528028\"\n\t\tclass=\"sc_title scheme_dark sc_title_default\"><h2 class=\"sc_item_title sc_title_title sc_item_title_style_default trx_addons_inline_1307646658\"><span class=\"sc_item_title_text\">Descargas<\/span><\/h2><\/div><!-- \/.sc_title -->\t\t<\/div>\n\t\t\t\t<\/div>\n\t\t\t\t<div class=\"elementor-element elementor-element-bdb60c4 sc_height_large elementor-widget elementor-widget-spacer\" data-id=\"bdb60c4\" data-element_type=\"widget\" data-widget_type=\"spacer.default\">\n\t\t\t\t<div class=\"elementor-widget-container\">\n\t\t\t\t\t<div class=\"elementor-spacer\">\n\t\t\t<div class=\"elementor-spacer-inner\"><\/div>\n\t\t<\/div>\n\t\t\t\t<\/div>\n\t\t\t\t<\/div>\n\t\t\t\t<div class=\"elementor-element elementor-element-cefd299 elementor-widget elementor-widget-text-editor\" data-id=\"cefd299\" data-element_type=\"widget\" data-widget_type=\"text-editor.default\">\n\t\t\t\t<div class=\"elementor-widget-container\">\n\t\t\t\t\t\t\t<p><strong>Certificados admitidos<\/strong><br \/>Este servicio requiere que disponga de un Certificado Digital personal est\u00e1ndar X.509 v.3, con longitud de clave 1024\/2048 bits para la Firma con certificados digitales. El certificado debe poder ser exportado, disponer de clave privada y no estar caducado.<\/p><div>\u00a0<\/div><div><strong>Tipos de Notificaciones que podemos recibir<\/strong><br \/>Hay dos tipos de notificaciones que podemos recibir. Las notificaciones propiamente dichas y las comunicaciones. La principal diferencia es que para descargar el contenido de una comunicaci\u00f3n no es necesario firmar el recib\u00ed de la misma. En cambio, para descargar el contenido de una notificaci\u00f3n es necesario firmar el recib\u00ed.<\/div>\t\t\t\t\t\t<\/div>\n\t\t\t\t<\/div>\n\t\t\t\t\t<\/div>\n\t\t<\/div>\n\t\t\t\t\t<\/div>\n\t\t<\/section>\n\t\t\t\t<div class=\"elementor-element elementor-element-915027c sc_height_large elementor-widget elementor-widget-spacer\" data-id=\"915027c\" data-element_type=\"widget\" data-widget_type=\"spacer.default\">\n\t\t\t\t<div class=\"elementor-widget-container\">\n\t\t\t\t\t<div class=\"elementor-spacer\">\n\t\t\t<div class=\"elementor-spacer-inner\"><\/div>\n\t\t<\/div>\n\t\t\t\t<\/div>\n\t\t\t\t<\/div>\n\t\t\t\t\t<\/div>\n\t\t<\/div>\n\t\t\t\t\t<\/div>\n\t\t<\/section>\n\t\t\t\t<section class=\"elementor-section elementor-top-section elementor-element elementor-element-78680e4 elementor-section-stretched hide_bg_image_on_mobile elementor-section-boxed elementor-section-height-default elementor-section-height-default\" data-id=\"78680e4\" data-element_type=\"section\" data-settings=\"{&quot;stretch_section&quot;:&quot;section-stretched&quot;,&quot;background_background&quot;:&quot;classic&quot;}\">\n\t\t\t\t\t\t<div class=\"elementor-container elementor-column-gap-extended\">\n\t\t\t\t\t<div class=\"elementor-column elementor-col-100 elementor-top-column elementor-element elementor-element-8d1ec2f sc_layouts_column_icons_position_left\" data-id=\"8d1ec2f\" data-element_type=\"column\">\n\t\t\t<div class=\"elementor-widget-wrap elementor-element-populated\">\n\t\t\t\t\t\t<div class=\"elementor-element elementor-element-980fc8d elementor-widget-divider--view-line elementor-widget elementor-widget-divider\" data-id=\"980fc8d\" data-element_type=\"widget\" data-widget_type=\"divider.default\">\n\t\t\t\t<div class=\"elementor-widget-container\">\n\t\t\t\t\t<div class=\"elementor-divider\">\n\t\t\t<span class=\"elementor-divider-separator\">\n\t\t\t\t\t\t<\/span>\n\t\t<\/div>\n\t\t\t\t<\/div>\n\t\t\t\t<\/div>\n\t\t\t\t\t<\/div>\n\t\t<\/div>\n\t\t\t\t\t<\/div>\n\t\t<\/section>\n\t\t\t\t<section class=\"elementor-section elementor-top-section elementor-element elementor-element-4f02c39 elementor-section-stretched hide_bg_image_on_mobile elementor-section-boxed elementor-section-height-default elementor-section-height-default\" data-id=\"4f02c39\" data-element_type=\"section\" data-settings=\"{&quot;stretch_section&quot;:&quot;section-stretched&quot;,&quot;background_background&quot;:&quot;classic&quot;}\">\n\t\t\t\t\t\t<div class=\"elementor-container elementor-column-gap-extended\">\n\t\t\t\t\t<div class=\"elementor-column elementor-col-100 elementor-top-column elementor-element elementor-element-beed084 sc_layouts_column_icons_position_left\" data-id=\"beed084\" data-element_type=\"column\">\n\t\t\t<div class=\"elementor-widget-wrap elementor-element-populated\">\n\t\t\t\t\t\t<div class=\"elementor-element elementor-element-d17b344 sc_height_large elementor-widget elementor-widget-spacer\" data-id=\"d17b344\" data-element_type=\"widget\" data-widget_type=\"spacer.default\">\n\t\t\t\t<div class=\"elementor-widget-container\">\n\t\t\t\t\t<div class=\"elementor-spacer\">\n\t\t\t<div class=\"elementor-spacer-inner\"><\/div>\n\t\t<\/div>\n\t\t\t\t<\/div>\n\t\t\t\t<\/div>\n\t\t\t\t<section class=\"elementor-section elementor-inner-section elementor-element elementor-element-25c2a89 elementor-section-boxed elementor-section-height-default elementor-section-height-default\" data-id=\"25c2a89\" data-element_type=\"section\">\n\t\t\t\t\t\t<div class=\"elementor-container elementor-column-gap-no\">\n\t\t\t\t\t<div class=\"elementor-column elementor-col-100 elementor-inner-column elementor-element elementor-element-2a3077b sc_layouts_column sc_layouts_column_align_left buttons-in-row sc_layouts_column_icons_position_left\" data-id=\"2a3077b\" data-element_type=\"column\">\n\t\t\t<div class=\"elementor-widget-wrap elementor-element-populated\">\n\t\t\t\t\t\t<div class=\"elementor-element elementor-element-7abe92e scheme_dark full-width elementor-widget elementor-widget-trx_sc_title\" data-id=\"7abe92e\" data-element_type=\"widget\" data-widget_type=\"trx_sc_title.default\">\n\t\t\t\t<div class=\"elementor-widget-container\">\n\t\t\t<div id=\"trx_sc_title_1719860399\"\n\t\tclass=\"sc_title scheme_dark sc_title_default\"><h2 class=\"sc_item_title sc_title_title sc_item_title_style_default trx_addons_inline_568500951\"><span class=\"sc_item_title_text\">Gesti\u00f3n Notificaciones Recibidas<\/span><\/h2><\/div><!-- \/.sc_title -->\t\t<\/div>\n\t\t\t\t<\/div>\n\t\t\t\t<div class=\"elementor-element elementor-element-b7bd87c sc_height_large elementor-widget elementor-widget-spacer\" data-id=\"b7bd87c\" data-element_type=\"widget\" data-widget_type=\"spacer.default\">\n\t\t\t\t<div class=\"elementor-widget-container\">\n\t\t\t\t\t<div class=\"elementor-spacer\">\n\t\t\t<div class=\"elementor-spacer-inner\"><\/div>\n\t\t<\/div>\n\t\t\t\t<\/div>\n\t\t\t\t<\/div>\n\t\t\t\t<div class=\"elementor-element elementor-element-18d6a1a elementor-widget elementor-widget-text-editor\" data-id=\"18d6a1a\" data-element_type=\"widget\" data-widget_type=\"text-editor.default\">\n\t\t\t\t<div class=\"elementor-widget-container\">\n\t\t\t\t\t\t\t<p><strong>Interneo<\/strong>\u00a0descarga de forma autom\u00e1tica las cabeceras de las notificaciones. Una vez descargadas las presenta por orden cronol\u00f3gico de recepci\u00f3n.<\/p><div>\u00a0<\/div><div><strong>Interneo<\/strong>\u00a0ayuda a gestionar los distintos pasos a realizar con cada notificaci\u00f3n Descarga del cuerpo de la notificaci\u00f3n, archivos adjuntos, comunicado a la empresa, firmarla, archivarla, etc \u2026\u00a0 Esta gesti\u00f3n se puede controlar mediante una sencilla cronolog\u00eda del \u201cexpediente\u201d de la notificaci\u00f3n.<div>\u00a0<\/div><div>Plazos m\u00e1ximos de respuesta en cada caso:<div>\u00a0<\/div><div><u>Notificaciones Buz\u00f3n 060 (AEAT)<\/u><br \/>Una notificaci\u00f3n se considera expirada cuando no se haya recogido antes de los 10 d\u00edas naturales del plazo para hacerlo desde la puesta a disposici\u00f3n.<\/div><div>\u00a0<\/div><div><u>Notificaciones Buz\u00f3n NOTESS (TGSS)<\/u><br \/>Una vez puesta a disposici\u00f3n la notificaci\u00f3n o comunicaci\u00f3n en NOTESS, el interesado deber\u00e1 acceder a ella en el plazo de 10 d\u00edas naturales. Transcurrido este periodo sin que se acceda a su contenido, se entender\u00e1 rechazada, d\u00e1ndose por cumplido el tr\u00e1mite de notificaci\u00f3n y continu\u00e1ndose con el procedimiento.<br \/>Una vez que la notificaci\u00f3n deje de estar disponible, se deber\u00e1 acudir a una Administraci\u00f3n de la Seguridad Social para obtener informaci\u00f3n.<\/div><\/div><\/div>\t\t\t\t\t\t<\/div>\n\t\t\t\t<\/div>\n\t\t\t\t\t<\/div>\n\t\t<\/div>\n\t\t\t\t\t<\/div>\n\t\t<\/section>\n\t\t\t\t<div class=\"elementor-element elementor-element-e76c089 sc_height_large elementor-widget elementor-widget-spacer\" data-id=\"e76c089\" data-element_type=\"widget\" data-widget_type=\"spacer.default\">\n\t\t\t\t<div class=\"elementor-widget-container\">\n\t\t\t\t\t<div class=\"elementor-spacer\">\n\t\t\t<div class=\"elementor-spacer-inner\"><\/div>\n\t\t<\/div>\n\t\t\t\t<\/div>\n\t\t\t\t<\/div>\n\t\t\t\t\t<\/div>\n\t\t<\/div>\n\t\t\t\t\t<\/div>\n\t\t<\/section>\n\t\t\t\t<\/div>\n\t\t","protected":false},"excerpt":{"rendered":"<p>InterNEO Sistema inform\u00e1tico para la gesti\u00f3n de las NEO (Notificaciones Electr\u00f3nicas Obligatorias) para Asesor\u00edas y Despachos Profesionales. Interneo\u00a0es el Software desarrollado por Intermega para gestionar las Notificaciones Electr\u00f3nicas Obligatorias mediante un control total de la gesti\u00f3n de cada notificaci\u00f3n seg\u00fan su relevancia y su fecha de expiraci\u00f3n. La entrada en vigor del RD1363\/2010 establece la sustituci\u00f3n del tradicional \u201cCertificado de&hellip;<\/p>\n","protected":false},"author":1,"featured_media":0,"parent":0,"menu_order":0,"comment_status":"closed","ping_status":"closed","template":"","meta":{"footnotes":""},"class_list":["post-2587","page","type-page","status-publish","hentry"],"_links":{"self":[{"href":"https:\/\/giapin.com\/es\/wp-json\/wp\/v2\/pages\/2587","targetHints":{"allow":["GET"]}}],"collection":[{"href":"https:\/\/giapin.com\/es\/wp-json\/wp\/v2\/pages"}],"about":[{"href":"https:\/\/giapin.com\/es\/wp-json\/wp\/v2\/types\/page"}],"author":[{"embeddable":true,"href":"https:\/\/giapin.com\/es\/wp-json\/wp\/v2\/users\/1"}],"replies":[{"embeddable":true,"href":"https:\/\/giapin.com\/es\/wp-json\/wp\/v2\/comments?post=2587"}],"version-history":[{"count":25,"href":"https:\/\/giapin.com\/es\/wp-json\/wp\/v2\/pages\/2587\/revisions"}],"predecessor-version":[{"id":2848,"href":"https:\/\/giapin.com\/es\/wp-json\/wp\/v2\/pages\/2587\/revisions\/2848"}],"wp:attachment":[{"href":"https:\/\/giapin.com\/es\/wp-json\/wp\/v2\/media?parent=2587"}],"curies":[{"name":"wp","href":"https:\/\/api.w.org\/{rel}","templated":true}]}}