{"id":2295,"date":"2024-01-31T09:40:34","date_gmt":"2024-01-31T09:40:34","guid":{"rendered":"https:\/\/giapin.com\/?page_id=2295"},"modified":"2024-02-05T12:53:14","modified_gmt":"2024-02-05T12:53:14","slug":"gestor","status":"publish","type":"page","link":"https:\/\/giapin.com\/es\/gestor\/","title":{"rendered":"Gestor"},"content":{"rendered":"\t\t<div data-elementor-type=\"wp-post\" data-elementor-id=\"2295\" class=\"elementor elementor-2295\">\n\t\t\t\t\t\t<section class=\"elementor-section elementor-top-section elementor-element elementor-element-f3a8eb4 elementor-section-stretched elementor-section-content-middle elementor-section-boxed elementor-section-height-default elementor-section-height-default\" data-id=\"f3a8eb4\" data-element_type=\"section\" data-settings=\"{&quot;stretch_section&quot;:&quot;section-stretched&quot;,&quot;background_background&quot;:&quot;classic&quot;}\">\n\t\t\t\t\t\t<div class=\"elementor-container elementor-column-gap-default\">\n\t\t\t\t\t<div class=\"elementor-column elementor-col-100 elementor-top-column elementor-element elementor-element-14e4b94 sc_layouts_column_icons_position_left\" data-id=\"14e4b94\" data-element_type=\"column\" data-settings=\"{&quot;background_background&quot;:&quot;classic&quot;}\">\n\t\t\t<div class=\"elementor-widget-wrap elementor-element-populated\">\n\t\t\t\t\t\t<section class=\"elementor-section elementor-inner-section elementor-element elementor-element-c3cbf9e elementor-section-full_width elementor-section-height-default elementor-section-height-default\" data-id=\"c3cbf9e\" data-element_type=\"section\">\n\t\t\t\t\t\t<div class=\"elementor-container elementor-column-gap-no\">\n\t\t\t\t\t<div class=\"elementor-column elementor-col-50 elementor-inner-column elementor-element elementor-element-4f1c7ad sc_layouts_column sc_layouts_column_align_left buttons-in-row sc_layouts_column_icons_position_left\" data-id=\"4f1c7ad\" data-element_type=\"column\">\n\t\t\t<div class=\"elementor-widget-wrap elementor-element-populated\">\n\t\t\t\t\t\t<div class=\"elementor-element elementor-element-8edcb5e sc_height_tiny elementor-widget elementor-widget-spacer\" data-id=\"8edcb5e\" data-element_type=\"widget\" data-widget_type=\"spacer.default\">\n\t\t\t\t<div class=\"elementor-widget-container\">\n\t\t\t\t\t<div class=\"elementor-spacer\">\n\t\t\t<div class=\"elementor-spacer-inner\"><\/div>\n\t\t<\/div>\n\t\t\t\t<\/div>\n\t\t\t\t<\/div>\n\t\t\t\t<div class=\"elementor-element elementor-element-419255d padd-1 elementor-widget elementor-widget-trx_sc_title\" data-id=\"419255d\" data-element_type=\"widget\" data-widget_type=\"trx_sc_title.default\">\n\t\t\t\t<div class=\"elementor-widget-container\">\n\t\t\t<div id=\"trx_sc_title_1390584715\"\n\t\tclass=\"sc_title sc_title_default\"><h1 class=\"sc_item_title sc_title_title sc_item_title_style_default sc_item_title_tag\"><span class=\"sc_item_title_inner\"><span class=\"sc_item_title_text\">Gestor Intermega<\/span><span class=\"sc_item_subtitle sc_title_subtitle sc_align_left sc_item_subtitle_below sc_item_title_style_default\">SUITE PROFESIONAL<br>Software de Gesti\u00f3n<\/span><\/span><\/h1><div class=\"sc_item_descr sc_title_descr\"><p>Gestor Intermega es una suite de software de gesti\u00f3n, orientada a despachos profesionales, que integra soluciones inform\u00e1ticas de las \u00e1reas de gesti\u00f3n, laboral y contable-fiscal.<\/p>\n<\/div><\/div><!-- \/.sc_title -->\t\t<\/div>\n\t\t\t\t<\/div>\n\t\t\t\t<div class=\"elementor-element elementor-element-fa680f7 sc_height_tiny elementor-widget elementor-widget-spacer\" data-id=\"fa680f7\" data-element_type=\"widget\" data-widget_type=\"spacer.default\">\n\t\t\t\t<div class=\"elementor-widget-container\">\n\t\t\t\t\t<div class=\"elementor-spacer\">\n\t\t\t<div class=\"elementor-spacer-inner\"><\/div>\n\t\t<\/div>\n\t\t\t\t<\/div>\n\t\t\t\t<\/div>\n\t\t\t\t<div class=\"elementor-element elementor-element-3746162 elementor-widget elementor-widget-text-editor\" data-id=\"3746162\" data-element_type=\"widget\" data-widget_type=\"text-editor.default\">\n\t\t\t\t<div class=\"elementor-widget-container\">\n\t\t\t\t\t\t\tCrea un entorno de trabajo \u00fanico, sencillo, din\u00e1mico e intuitivo que ofrece una visi\u00f3n global de toda la informaci\u00f3n de sus clientes, sincronizada en tiempo real e integrada en una base de datos com\u00fan, que permite el acceso, alta o modificaci\u00f3n, desde los m\u00f3dulos facturaci\u00f3n, laboral, contabilidad, sociedades, fiscal y renta.\t\t\t\t\t\t<\/div>\n\t\t\t\t<\/div>\n\t\t\t\t\t<\/div>\n\t\t<\/div>\n\t\t\t\t<div class=\"elementor-column elementor-col-50 elementor-inner-column elementor-element elementor-element-7c976fd sc_layouts_column_icons_position_left\" data-id=\"7c976fd\" data-element_type=\"column\">\n\t\t\t<div class=\"elementor-widget-wrap elementor-element-populated\">\n\t\t\t\t\t\t<div class=\"elementor-element elementor-element-2967810 sc_height_medium elementor-widget elementor-widget-spacer\" data-id=\"2967810\" data-element_type=\"widget\" data-widget_type=\"spacer.default\">\n\t\t\t\t<div class=\"elementor-widget-container\">\n\t\t\t\t\t<div class=\"elementor-spacer\">\n\t\t\t<div class=\"elementor-spacer-inner\"><\/div>\n\t\t<\/div>\n\t\t\t\t<\/div>\n\t\t\t\t<\/div>\n\t\t\t\t<div class=\"elementor-element elementor-element-8ec092e elementor-widget elementor-widget-image\" data-id=\"8ec092e\" data-element_type=\"widget\" data-widget_type=\"image.default\">\n\t\t\t\t<div class=\"elementor-widget-container\">\n\t\t\t\t\t\t\t\t\t\t\t\t\t<img fetchpriority=\"high\" decoding=\"async\" width=\"504\" height=\"198\" src=\"https:\/\/giapin.com\/wp-content\/uploads\/2024\/02\/gestor.png\" class=\"attachment-large size-large wp-image-2832\" alt=\"\" srcset=\"https:\/\/giapin.com\/wp-content\/uploads\/2024\/02\/gestor.png 504w, https:\/\/giapin.com\/wp-content\/uploads\/2024\/02\/gestor-300x118.png 300w, https:\/\/giapin.com\/wp-content\/uploads\/2024\/02\/gestor-370x145.png 370w\" sizes=\"(max-width: 504px) 100vw, 504px\" \/>\t\t\t\t\t\t\t\t\t\t\t\t\t<\/div>\n\t\t\t\t<\/div>\n\t\t\t\t\t<\/div>\n\t\t<\/div>\n\t\t\t\t\t<\/div>\n\t\t<\/section>\n\t\t\t\t\t<\/div>\n\t\t<\/div>\n\t\t\t\t\t<\/div>\n\t\t<\/section>\n\t\t\t\t<section class=\"elementor-section elementor-top-section elementor-element elementor-element-c24cd72 elementor-section-stretched hide_bg_image_on_mobile elementor-section-boxed elementor-section-height-default elementor-section-height-default\" data-id=\"c24cd72\" data-element_type=\"section\" data-settings=\"{&quot;stretch_section&quot;:&quot;section-stretched&quot;,&quot;background_background&quot;:&quot;classic&quot;}\">\n\t\t\t\t\t\t<div class=\"elementor-container elementor-column-gap-extended\">\n\t\t\t\t\t<div class=\"elementor-column elementor-col-100 elementor-top-column elementor-element elementor-element-3f557e4 sc_layouts_column_icons_position_left\" data-id=\"3f557e4\" data-element_type=\"column\">\n\t\t\t<div class=\"elementor-widget-wrap elementor-element-populated\">\n\t\t\t\t\t\t<div class=\"elementor-element elementor-element-5ac9388 sc_height_large elementor-widget elementor-widget-spacer\" data-id=\"5ac9388\" data-element_type=\"widget\" data-widget_type=\"spacer.default\">\n\t\t\t\t<div class=\"elementor-widget-container\">\n\t\t\t\t\t<div class=\"elementor-spacer\">\n\t\t\t<div class=\"elementor-spacer-inner\"><\/div>\n\t\t<\/div>\n\t\t\t\t<\/div>\n\t\t\t\t<\/div>\n\t\t\t\t<section class=\"elementor-section elementor-inner-section elementor-element elementor-element-f985494 elementor-section-boxed elementor-section-height-default elementor-section-height-default\" data-id=\"f985494\" data-element_type=\"section\">\n\t\t\t\t\t\t<div class=\"elementor-container elementor-column-gap-no\">\n\t\t\t\t\t<div class=\"elementor-column elementor-col-100 elementor-inner-column elementor-element elementor-element-b47a565 sc_layouts_column sc_layouts_column_align_left buttons-in-row sc_layouts_column_icons_position_left\" data-id=\"b47a565\" data-element_type=\"column\">\n\t\t\t<div class=\"elementor-widget-wrap elementor-element-populated\">\n\t\t\t\t\t\t<div class=\"elementor-element elementor-element-f850496 scheme_dark full-width elementor-widget elementor-widget-trx_sc_title\" data-id=\"f850496\" data-element_type=\"widget\" data-widget_type=\"trx_sc_title.default\">\n\t\t\t\t<div class=\"elementor-widget-container\">\n\t\t\t<div id=\"trx_sc_title_438746516\"\n\t\tclass=\"sc_title scheme_dark sc_title_default\"><h2 class=\"sc_item_title sc_title_title sc_item_title_style_default trx_addons_inline_669363243\"><span class=\"sc_item_title_text\">Versi\u00f3n Basic<\/span><\/h2><\/div><!-- \/.sc_title -->\t\t<\/div>\n\t\t\t\t<\/div>\n\t\t\t\t<div class=\"elementor-element elementor-element-1dd6daa sc_height_large elementor-widget elementor-widget-spacer\" data-id=\"1dd6daa\" data-element_type=\"widget\" data-widget_type=\"spacer.default\">\n\t\t\t\t<div class=\"elementor-widget-container\">\n\t\t\t\t\t<div class=\"elementor-spacer\">\n\t\t\t<div class=\"elementor-spacer-inner\"><\/div>\n\t\t<\/div>\n\t\t\t\t<\/div>\n\t\t\t\t<\/div>\n\t\t\t\t<div class=\"elementor-element elementor-element-ba3a55d elementor-widget elementor-widget-text-editor\" data-id=\"ba3a55d\" data-element_type=\"widget\" data-widget_type=\"text-editor.default\">\n\t\t\t\t<div class=\"elementor-widget-container\">\n\t\t\t\t\t\t\t<ul>\n \t<li>Suite modular Intermega.<\/li>\n \t<br>\n \t<li>Control de acceso de usuarios a los m\u00f3dulos.<\/li>\n \t<br>\n \t<li>Impresi\u00f3n diferida de cualquier documento del programa a su cliente (empresa).<\/li>\n \t<br>\n \t<li>Presentaci\u00f3n telem\u00e1tica de impuestos.<\/li>\n \t<br>\n \t<li>Marco \u00fanico donde se ejecutan todos los m\u00f3dulos.<\/li>\n \t<br>\n \t<li>Utilidades actuales del Portal Intermega.<\/li>\n \t<br>\n \t<li>Nuevo Sistema de Actualizaci\u00f3n de los m\u00f3dulos totalmente integrado con Gestor, con notificaci\u00f3n y sin necesidad de acceder a web Intermega para efectuar la descarga.<\/li>\n<\/ul>\t\t\t\t\t\t<\/div>\n\t\t\t\t<\/div>\n\t\t\t\t\t<\/div>\n\t\t<\/div>\n\t\t\t\t\t<\/div>\n\t\t<\/section>\n\t\t\t\t<div class=\"elementor-element elementor-element-0721f9f sc_height_large elementor-widget elementor-widget-spacer\" data-id=\"0721f9f\" data-element_type=\"widget\" data-widget_type=\"spacer.default\">\n\t\t\t\t<div class=\"elementor-widget-container\">\n\t\t\t\t\t<div class=\"elementor-spacer\">\n\t\t\t<div class=\"elementor-spacer-inner\"><\/div>\n\t\t<\/div>\n\t\t\t\t<\/div>\n\t\t\t\t<\/div>\n\t\t\t\t\t<\/div>\n\t\t<\/div>\n\t\t\t\t\t<\/div>\n\t\t<\/section>\n\t\t\t\t<section class=\"elementor-section elementor-top-section elementor-element elementor-element-2c4a2cb elementor-section-stretched hide_bg_image_on_mobile elementor-section-boxed elementor-section-height-default elementor-section-height-default\" data-id=\"2c4a2cb\" data-element_type=\"section\" data-settings=\"{&quot;stretch_section&quot;:&quot;section-stretched&quot;,&quot;background_background&quot;:&quot;classic&quot;}\">\n\t\t\t\t\t\t<div class=\"elementor-container elementor-column-gap-extended\">\n\t\t\t\t\t<div class=\"elementor-column elementor-col-100 elementor-top-column elementor-element elementor-element-663d8bf sc_layouts_column_icons_position_left\" data-id=\"663d8bf\" data-element_type=\"column\">\n\t\t\t<div class=\"elementor-widget-wrap elementor-element-populated\">\n\t\t\t\t\t\t<div class=\"elementor-element elementor-element-750f878 elementor-widget-divider--view-line elementor-widget elementor-widget-divider\" data-id=\"750f878\" data-element_type=\"widget\" data-widget_type=\"divider.default\">\n\t\t\t\t<div class=\"elementor-widget-container\">\n\t\t\t\t\t<div class=\"elementor-divider\">\n\t\t\t<span class=\"elementor-divider-separator\">\n\t\t\t\t\t\t<\/span>\n\t\t<\/div>\n\t\t\t\t<\/div>\n\t\t\t\t<\/div>\n\t\t\t\t\t<\/div>\n\t\t<\/div>\n\t\t\t\t\t<\/div>\n\t\t<\/section>\n\t\t\t\t<section class=\"elementor-section elementor-top-section elementor-element elementor-element-ab95872 elementor-section-stretched hide_bg_image_on_mobile elementor-section-boxed elementor-section-height-default elementor-section-height-default\" data-id=\"ab95872\" data-element_type=\"section\" data-settings=\"{&quot;stretch_section&quot;:&quot;section-stretched&quot;,&quot;background_background&quot;:&quot;classic&quot;}\">\n\t\t\t\t\t\t<div class=\"elementor-container elementor-column-gap-extended\">\n\t\t\t\t\t<div class=\"elementor-column elementor-col-100 elementor-top-column elementor-element elementor-element-522fced sc_layouts_column_icons_position_left\" data-id=\"522fced\" data-element_type=\"column\">\n\t\t\t<div class=\"elementor-widget-wrap elementor-element-populated\">\n\t\t\t\t\t\t<div class=\"elementor-element elementor-element-a3420fe sc_height_large elementor-widget elementor-widget-spacer\" data-id=\"a3420fe\" data-element_type=\"widget\" data-widget_type=\"spacer.default\">\n\t\t\t\t<div class=\"elementor-widget-container\">\n\t\t\t\t\t<div class=\"elementor-spacer\">\n\t\t\t<div class=\"elementor-spacer-inner\"><\/div>\n\t\t<\/div>\n\t\t\t\t<\/div>\n\t\t\t\t<\/div>\n\t\t\t\t<section class=\"elementor-section elementor-inner-section elementor-element elementor-element-a49b47e elementor-section-boxed elementor-section-height-default elementor-section-height-default\" data-id=\"a49b47e\" data-element_type=\"section\">\n\t\t\t\t\t\t<div class=\"elementor-container elementor-column-gap-no\">\n\t\t\t\t\t<div class=\"elementor-column elementor-col-100 elementor-inner-column elementor-element elementor-element-26482b0 sc_layouts_column sc_layouts_column_align_left buttons-in-row sc_layouts_column_icons_position_left\" data-id=\"26482b0\" data-element_type=\"column\">\n\t\t\t<div class=\"elementor-widget-wrap elementor-element-populated\">\n\t\t\t\t\t\t<div class=\"elementor-element elementor-element-ba34d47 scheme_dark full-width elementor-widget elementor-widget-trx_sc_title\" data-id=\"ba34d47\" data-element_type=\"widget\" data-widget_type=\"trx_sc_title.default\">\n\t\t\t\t<div class=\"elementor-widget-container\">\n\t\t\t<div id=\"trx_sc_title_284044822\"\n\t\tclass=\"sc_title scheme_dark sc_title_default\"><h2 class=\"sc_item_title sc_title_title sc_item_title_style_default trx_addons_inline_2074536304\"><span class=\"sc_item_title_text\">Versi\u00f3n Plus<\/span><\/h2><\/div><!-- \/.sc_title -->\t\t<\/div>\n\t\t\t\t<\/div>\n\t\t\t\t<div class=\"elementor-element elementor-element-bdb60c4 sc_height_large elementor-widget elementor-widget-spacer\" data-id=\"bdb60c4\" data-element_type=\"widget\" data-widget_type=\"spacer.default\">\n\t\t\t\t<div class=\"elementor-widget-container\">\n\t\t\t\t\t<div class=\"elementor-spacer\">\n\t\t\t<div class=\"elementor-spacer-inner\"><\/div>\n\t\t<\/div>\n\t\t\t\t<\/div>\n\t\t\t\t<\/div>\n\t\t\t\t<div class=\"elementor-element elementor-element-cefd299 elementor-widget elementor-widget-text-editor\" data-id=\"cefd299\" data-element_type=\"widget\" data-widget_type=\"text-editor.default\">\n\t\t\t\t<div class=\"elementor-widget-container\">\n\t\t\t\t\t\t\tOpciones de la versi\u00f3n Basic y adem\u00e1s:\n<br><br>\n<ul>\n \t<li><b>Un \u00fanico fichero de clientes<\/b>. Unificaci\u00f3n de datos de cliente: Fusi\u00f3n de datos de todos los m\u00f3dulos de Intermega y sincronizaci\u00f3n de datos. Sincronizaci\u00f3n de todos los Nombres, Raz\u00f3n Social, domicilios y cuentas bancarias desde la misma ficha de clientes.<\/li>\n<br>\n \t<li><b>Gesti\u00f3n de usuarios unificada<\/b> para todos los m\u00f3dulos. Un \u00fanico Login de acceso a todos los m\u00f3dulos y al Gestor.<\/li>\n<br>\n \t<li><b>Centros de trabajo<\/b>. Control de acceso solamente a los clientes que pertenecen a un centro de trabajo.<\/li>\n<br>\n \t<li><b>Panel de notificaciones<\/b>, de eventos entre m\u00f3dulos, entre usuarios, recordatorios desde calendario.<\/li>\n<br>\n \t<li><b>Gesti\u00f3n de tiempos<\/b>. Contabilizaci\u00f3n tiempo dedicado a cada cliente por m\u00f3dulo.<\/li>\n<br>\n \t<li><b>Calendario integrado<\/b>. Gesti\u00f3n de calendarios propios y comunes de empresas con notificaci\u00f3n de eventos programados.<\/li>\n<\/ul>\t\t\t\t\t\t<\/div>\n\t\t\t\t<\/div>\n\t\t\t\t\t<\/div>\n\t\t<\/div>\n\t\t\t\t\t<\/div>\n\t\t<\/section>\n\t\t\t\t<div class=\"elementor-element elementor-element-915027c sc_height_large elementor-widget elementor-widget-spacer\" data-id=\"915027c\" data-element_type=\"widget\" data-widget_type=\"spacer.default\">\n\t\t\t\t<div class=\"elementor-widget-container\">\n\t\t\t\t\t<div class=\"elementor-spacer\">\n\t\t\t<div class=\"elementor-spacer-inner\"><\/div>\n\t\t<\/div>\n\t\t\t\t<\/div>\n\t\t\t\t<\/div>\n\t\t\t\t\t<\/div>\n\t\t<\/div>\n\t\t\t\t\t<\/div>\n\t\t<\/section>\n\t\t\t\t<section class=\"elementor-section elementor-top-section elementor-element elementor-element-78680e4 elementor-section-stretched hide_bg_image_on_mobile elementor-section-boxed elementor-section-height-default elementor-section-height-default\" data-id=\"78680e4\" data-element_type=\"section\" data-settings=\"{&quot;stretch_section&quot;:&quot;section-stretched&quot;,&quot;background_background&quot;:&quot;classic&quot;}\">\n\t\t\t\t\t\t<div class=\"elementor-container elementor-column-gap-extended\">\n\t\t\t\t\t<div class=\"elementor-column elementor-col-100 elementor-top-column elementor-element elementor-element-8d1ec2f sc_layouts_column_icons_position_left\" data-id=\"8d1ec2f\" data-element_type=\"column\">\n\t\t\t<div class=\"elementor-widget-wrap elementor-element-populated\">\n\t\t\t\t\t\t<div class=\"elementor-element elementor-element-980fc8d elementor-widget-divider--view-line elementor-widget elementor-widget-divider\" data-id=\"980fc8d\" data-element_type=\"widget\" data-widget_type=\"divider.default\">\n\t\t\t\t<div class=\"elementor-widget-container\">\n\t\t\t\t\t<div class=\"elementor-divider\">\n\t\t\t<span class=\"elementor-divider-separator\">\n\t\t\t\t\t\t<\/span>\n\t\t<\/div>\n\t\t\t\t<\/div>\n\t\t\t\t<\/div>\n\t\t\t\t\t<\/div>\n\t\t<\/div>\n\t\t\t\t\t<\/div>\n\t\t<\/section>\n\t\t\t\t<section class=\"elementor-section elementor-top-section elementor-element elementor-element-4f02c39 elementor-section-stretched hide_bg_image_on_mobile elementor-section-boxed elementor-section-height-default elementor-section-height-default\" data-id=\"4f02c39\" data-element_type=\"section\" data-settings=\"{&quot;stretch_section&quot;:&quot;section-stretched&quot;,&quot;background_background&quot;:&quot;classic&quot;}\">\n\t\t\t\t\t\t<div class=\"elementor-container elementor-column-gap-extended\">\n\t\t\t\t\t<div class=\"elementor-column elementor-col-100 elementor-top-column elementor-element elementor-element-beed084 sc_layouts_column_icons_position_left\" data-id=\"beed084\" data-element_type=\"column\">\n\t\t\t<div class=\"elementor-widget-wrap elementor-element-populated\">\n\t\t\t\t\t\t<div class=\"elementor-element elementor-element-d17b344 sc_height_large elementor-widget elementor-widget-spacer\" data-id=\"d17b344\" data-element_type=\"widget\" data-widget_type=\"spacer.default\">\n\t\t\t\t<div class=\"elementor-widget-container\">\n\t\t\t\t\t<div class=\"elementor-spacer\">\n\t\t\t<div class=\"elementor-spacer-inner\"><\/div>\n\t\t<\/div>\n\t\t\t\t<\/div>\n\t\t\t\t<\/div>\n\t\t\t\t<section class=\"elementor-section elementor-inner-section elementor-element elementor-element-25c2a89 elementor-section-boxed elementor-section-height-default elementor-section-height-default\" data-id=\"25c2a89\" data-element_type=\"section\">\n\t\t\t\t\t\t<div class=\"elementor-container elementor-column-gap-no\">\n\t\t\t\t\t<div class=\"elementor-column elementor-col-100 elementor-inner-column elementor-element elementor-element-2a3077b sc_layouts_column sc_layouts_column_align_left buttons-in-row sc_layouts_column_icons_position_left\" data-id=\"2a3077b\" data-element_type=\"column\">\n\t\t\t<div class=\"elementor-widget-wrap elementor-element-populated\">\n\t\t\t\t\t\t<div class=\"elementor-element elementor-element-7abe92e scheme_dark full-width elementor-widget elementor-widget-trx_sc_title\" data-id=\"7abe92e\" data-element_type=\"widget\" data-widget_type=\"trx_sc_title.default\">\n\t\t\t\t<div class=\"elementor-widget-container\">\n\t\t\t<div id=\"trx_sc_title_1151017161\"\n\t\tclass=\"sc_title scheme_dark sc_title_default\"><h2 class=\"sc_item_title sc_title_title sc_item_title_style_default trx_addons_inline_28070881\"><span class=\"sc_item_title_text\">Versi\u00f3n Pro<\/span><\/h2><\/div><!-- \/.sc_title -->\t\t<\/div>\n\t\t\t\t<\/div>\n\t\t\t\t<div class=\"elementor-element elementor-element-b7bd87c sc_height_large elementor-widget elementor-widget-spacer\" data-id=\"b7bd87c\" data-element_type=\"widget\" data-widget_type=\"spacer.default\">\n\t\t\t\t<div class=\"elementor-widget-container\">\n\t\t\t\t\t<div class=\"elementor-spacer\">\n\t\t\t<div class=\"elementor-spacer-inner\"><\/div>\n\t\t<\/div>\n\t\t\t\t<\/div>\n\t\t\t\t<\/div>\n\t\t\t\t<div class=\"elementor-element elementor-element-18d6a1a elementor-widget elementor-widget-text-editor\" data-id=\"18d6a1a\" data-element_type=\"widget\" data-widget_type=\"text-editor.default\">\n\t\t\t\t<div class=\"elementor-widget-container\">\n\t\t\t\t\t\t\tOpciones de la versi\u00f3n Plus y adem\u00e1s:\n<br><br>\n<ul>\n \t<li><b>Portal Empresa<\/b>, donde se pueden subir todos los documentos generados por los m\u00f3dulos Intermega y otros documentos de la Asesor\u00eda para ponerlos a disposici\u00f3n de las empresas.<\/li>\n<br>\n \t<li><b>Portal Empleado<\/b>, donde se pueden subir todos los documentos, a nivel Empleado, generados por el m\u00f3dulo Laboral, como Recibos de N\u00f3mina, Certificados de Empresa, etc.<\/li>\n<br>\n \t<li>Los entornos web de Portal Empresa y Portal Empleado est\u00e1n dise\u00f1ados para multidispositivos.<\/li>\n<br>\n \t<li>Gesti\u00f3n centralizada de los documentos impresos (Portal Empresa).<\/li>\n<br>\n \t<li><b>Gesti\u00f3n de Tareas<\/b>\nCuadro\/Planing de todos los documentos\n(CP, Res\u00famenes, Declaraciones, Liquidaciones, &#8230;).\nA realizar\/Pendientes.\nPara cada Documento\/Per\u00edodo.\nPara cada Per\u00edodo\/Clientes.\nPara cada Cliente\/Per\u00edodo.\nEn un solo vistazo podemos comprobar cual es la \u00a0\u00a0\u00a0situaci\u00f3n de los trabajos peri\u00f3dicos de la Asesor\u00eda.<\/li>\n<\/ul>\t\t\t\t\t\t<\/div>\n\t\t\t\t<\/div>\n\t\t\t\t\t<\/div>\n\t\t<\/div>\n\t\t\t\t\t<\/div>\n\t\t<\/section>\n\t\t\t\t<div class=\"elementor-element elementor-element-e76c089 sc_height_large elementor-widget elementor-widget-spacer\" data-id=\"e76c089\" data-element_type=\"widget\" data-widget_type=\"spacer.default\">\n\t\t\t\t<div class=\"elementor-widget-container\">\n\t\t\t\t\t<div class=\"elementor-spacer\">\n\t\t\t<div class=\"elementor-spacer-inner\"><\/div>\n\t\t<\/div>\n\t\t\t\t<\/div>\n\t\t\t\t<\/div>\n\t\t\t\t\t<\/div>\n\t\t<\/div>\n\t\t\t\t\t<\/div>\n\t\t<\/section>\n\t\t\t\t<\/div>\n\t\t","protected":false},"excerpt":{"rendered":"<p>Gestor IntermegaSUITE PROFESIONALSoftware de Gesti\u00f3n Gestor Intermega es una suite de software de gesti\u00f3n, orientada a despachos profesionales, que integra soluciones inform\u00e1ticas de las \u00e1reas de gesti\u00f3n, laboral y contable-fiscal. Crea un entorno de trabajo \u00fanico, sencillo, din\u00e1mico e intuitivo que ofrece una visi\u00f3n global de toda la informaci\u00f3n de sus clientes, sincronizada en tiempo real e integrada en una&hellip;<\/p>\n","protected":false},"author":1,"featured_media":0,"parent":0,"menu_order":0,"comment_status":"closed","ping_status":"closed","template":"","meta":{"footnotes":""},"class_list":["post-2295","page","type-page","status-publish","hentry"],"_links":{"self":[{"href":"https:\/\/giapin.com\/es\/wp-json\/wp\/v2\/pages\/2295","targetHints":{"allow":["GET"]}}],"collection":[{"href":"https:\/\/giapin.com\/es\/wp-json\/wp\/v2\/pages"}],"about":[{"href":"https:\/\/giapin.com\/es\/wp-json\/wp\/v2\/types\/page"}],"author":[{"embeddable":true,"href":"https:\/\/giapin.com\/es\/wp-json\/wp\/v2\/users\/1"}],"replies":[{"embeddable":true,"href":"https:\/\/giapin.com\/es\/wp-json\/wp\/v2\/comments?post=2295"}],"version-history":[{"count":40,"href":"https:\/\/giapin.com\/es\/wp-json\/wp\/v2\/pages\/2295\/revisions"}],"predecessor-version":[{"id":2851,"href":"https:\/\/giapin.com\/es\/wp-json\/wp\/v2\/pages\/2295\/revisions\/2851"}],"wp:attachment":[{"href":"https:\/\/giapin.com\/es\/wp-json\/wp\/v2\/media?parent=2295"}],"curies":[{"name":"wp","href":"https:\/\/api.w.org\/{rel}","templated":true}]}}